{"id":2295746,"date":"2023-12-08T14:34:02","date_gmt":"2023-12-08T05:34:02","guid":{"rendered":"https:\/\/www.akbd.jp\/?product=m-zvz-dt921"},"modified":"2025-03-04T16:09:37","modified_gmt":"2025-03-04T07:09:37","slug":"m-zvz-dt921","status":"publish","type":"product","link":"https:\/\/akbd.jp\/?product=m-zvz-dt921","title":{"rendered":"DT-921<BR>DC\/DC\u30b3\u30f3\u30d0\u30fc\u30bf\u30fc 20A\u7d1a<BR>\uff21\uff2c\uff29\uff2e\uff23\uff2f"},"content":{"rendered":"<p>\u30e1\u30fc\u30ab\u30fc : \uff21\uff2c\uff29\uff2e\uff23\uff2f<BR>\u5546\u54c1\u540d : DC\/DC\u30b3\u30f3\u30d0\u30fc\u30bf\u30fc 20A\u7d1a<BR>\u30e1\u30fc\u30ab\u30fc\u578b\u756a : DT-921<BR>JAN : 4969182320169<BR><BR>SKU : M-ZVZ-DT921 (ZVZ-DT921)&#8221;<BR><BR><BR><BR><BR><\/p>\n<hr width=90% size=1><BR>\u30e1\u30fc\u30ab\u30fcURL : <a href=http:\/\/www.alinco.co.jp\/ target = new>http:\/\/www.alinco.co.jp\/<\/a><BR>\u5546\u54c1URL : <a href=https:\/\/alinco-denshi.com\/item\/dt-921\/ target = new>https:\/\/alinco-denshi.com\/item\/dt-921\/<\/a><BR><BR>\u5546\u54c1\u8a73\u7d30 :<BR>\u25cf\u30b9\u30a4\u30c3\u30c1\u30f3\u30b0\u65b9\u5f0f\u306e\u56de\u8def\u63a1\u7528\u3067\u3001\u30b3\u30f3\u30d1\u30af\u30c8\u306a\u304c\u3089\u9023\u7d9a20A\u3001\u9593\u6b20\u6700\u592722A\u3068\u4f59\u88d5\u306e\u5bb9\u91cf\u3002 \u25cfDC24V\u5927\u578b\u8eca\u5185\u3067DC12V\u306e\u7121\u7dda\u6a5f\u5668\u3001\u30ab\u30fc\u30aa\u30fc\u30c7\u30a3\u30aa\u3092\u4f7f\u7528\u3059\u308b\u969b\u7528\u3044\u308b\u5909\u5727\u88c5\u7f6e\u3067\u3059\uff61\u25cf\u7121\u7dda\u6a5f\u306a\u308950W\u30af\u30e9\u30b9\u3001\u30ab\u30fc\u30b9\u30c6\u30ec\u30aa\u3084\u30ab\u30fc\u30ca\u30d3\u306a\u3069DC12V\u5b9a\u683c\u306e\u30ab\u30fc\u30a8\u30ec\u30af\u30c8\u30ed\u30cb\u30af\u30b9\u6a5f\u5668\u306a\u3089\u6700\u592715A\u307e\u3067\u30d0\u30c3\u30af\u30a2\u30c3\u30d7\u306e\u5e38\u6642\u96fb\u6d41\u3092\u542b\u3081\u3066\u5bfe\u5fdc \u25cf\u5165\u529b\u96fb\u6e90:DC24V \u25cf\u51fa\u529b\u96fb\u6e90:DC13.8V(\u56fa\u5b9a) \u25cf\u9593\u6b20\u6700\u5927\u51fa\u529b(13.8V\u6642):22A+USB2A\u3001\u9023\u7d9a\u6700\u5927\u51fa\u529b(13.8V\u6642):20A\u3000\u25cf\u30d0\u30c3\u30af\u30a2\u30c3\u30d7\uff08\u5e38\u6642\uff09\u51fa\u529b:\u672c\u4f53\u306e\u96fb\u6e90\u30aa\u30f3\u306e\u3068\u304d15A\uff08\u30aa\u30d5\u66426A\uff09 \u25cf\u4fdd\u8b77\u56de\u8def:\u30d5\u306e\u5b57\u7279\u6027\u81ea\u52d5\u96fb\u6d41\u5236\u5fa1\u5f0f \u25cf\u904e\u96fb\u6d41\u4fdd\u8b77\u56de\u8def\u52d5\u4f5c\u70b9:23A\u4ee5\u4e0a \u25cf\u4f7f\u7528\u30d2\u30e5\u30fc\u30ba:20A \u25cf\u51fa\u529b\u7cfb\u7d71\uff5e\u30e1\u30a4\u30f3\u9678\u8ecd\u7aef\u5b50:1\u7cfb\u7d71(20A) 2\u30b7\u30ac\u30fc\u30e9\u30a4\u30bf\u30fc\u30bd\u30b1\u30c3\u30c8:1\u7cfb\u7d71(10A) 3.USB\u7aef\u5b502\u7cfb\u7d71\uff08\u5408\u8a082A\uff09 \u25cf\u30a4\u30eb\u30df\u30cd\u30fc\u30b7\u30e7\u30f3\u51fa\u529b:DC12\/1A \u25cf\u5916\u5f62\u5bf8\u6cd5(W\u00d7H\u00d7D):166\u00d759\u00d7170mm \u25cf\u91cd\u91cf:1.7kg \u25cf\u4ed8\u5c5e\u54c1:\u30b1\u30fc\u30d6\u30eb\u30bb\u30c3\u30c8\u3001\u8a2d\u7f6e\u7528\u30cd\u30b8\u30bb\u30c3\u30c8<BR><BR>2025\u5e745\u670821\u65e5\u3088\u308a\u4fa1\u683c\u6539\u5b9a\u3044\u305f\u3057\u307e\u3057\u305f\u3002<BR><BR><\/p>\n<hr width=90% size=1><BR>\u5728\u5eab\u72b6\u6cc1 : \u304a\u53d6\u308a\u5bc4\u305b<BR><BR>\u6700\u5c0f\u53d7\u6ce8\u6570 : 1 <BR><BR><\/p>\n","protected":false},"excerpt":{"rendered":"<p>M-ZVZ-DT921<\/p>\n","protected":false},"featured_media":0,"template":"","meta":[],"product_brand":[],"product_cat":[11568],"product_tag":[],"class_list":{"0":"post-2295746","1":"product","2":"type-product","3":"status-publish","5":"product_cat-11568","7":"first","8":"instock","9":"taxable","10":"shipping-taxable","11":"purchasable","12":"product-type-simple"},"_links":{"self":[{"href":"https:\/\/akbd.jp\/index.php?rest_route=\/wp\/v2\/product\/2295746","targetHints":{"allow":["GET"]}}],"collection":[{"href":"https:\/\/akbd.jp\/index.php?rest_route=\/wp\/v2\/product"}],"about":[{"href":"https:\/\/akbd.jp\/index.php?rest_route=\/wp\/v2\/types\/product"}],"wp:attachment":[{"href":"https:\/\/akbd.jp\/index.php?rest_route=%2Fwp%2Fv2%2Fmedia&parent=2295746"}],"wp:term":[{"taxonomy":"product_brand","embeddable":true,"href":"https:\/\/akbd.jp\/index.php?rest_route=%2Fwp%2Fv2%2Fproduct_brand&post=2295746"},{"taxonomy":"product_cat","embeddable":true,"href":"https:\/\/akbd.jp\/index.php?rest_route=%2Fwp%2Fv2%2Fproduct_cat&post=2295746"},{"taxonomy":"product_tag","embeddable":true,"href":"https:\/\/akbd.jp\/index.php?rest_route=%2Fwp%2Fv2%2Fproduct_tag&post=2295746"}],"curies":[{"name":"wp","href":"https:\/\/api.w.org\/{rel}","templated":true}]}}