{"id":2286842,"date":"2023-11-09T09:38:32","date_gmt":"2023-11-09T00:38:32","guid":{"rendered":"https:\/\/www.akbd.jp\/?product=m-zb4-udc02gy"},"modified":"2025-02-28T04:45:03","modified_gmt":"2025-02-27T19:45:03","slug":"m-zb4-udc02gy","status":"publish","type":"product","link":"https:\/\/akbd.jp\/?product=m-zb4-udc02gy","title":{"rendered":"UD-C02GY<BR>USB Type-C\u30c9\u30c3\u30ad\u30f3\u30b0\u30b9\u30c6\u30fc\u30b7\u30e7\u30f3 Type-C\u00d71 Type-A\u00d71 HDMI\u00d71 3.5mm 4\u6975\u00d71 \u30b0\u30ec\u30fc<BR>\u30ca\u30ab\u30d0\u30e4\u30b7\u3231"},"content":{"rendered":"<p>\u30e1\u30fc\u30ab\u30fc : \u30ca\u30ab\u30d0\u30e4\u30b7\u3231<BR>\u5546\u54c1\u540d : USB Type-C\u30c9\u30c3\u30ad\u30f3\u30b0\u30b9\u30c6\u30fc\u30b7\u30e7\u30f3 Type-C\u00d71 Type-A\u00d71 HDMI\u00d71 3.5mm 4\u6975\u00d71 \u30b0\u30ec\u30fc<BR>\u30e1\u30fc\u30ab\u30fc\u578b\u756a : UD-C02GY<BR>JAN : 4902205260554<BR><BR>SKU : M-ZB4-UDC02GY (ZB4-UDC02GY)&#8221;<BR><BR><BR><BR><BR><\/p>\n<hr width=90% size=1><BR>\u30e1\u30fc\u30ab\u30fcURL : <a href=http:\/\/www.nakabayashi.co.jp\/ target = new>http:\/\/www.nakabayashi.co.jp\/<\/a><BR>\u5546\u54c1URL : <a href=https:\/\/www.nakabayashi.co.jp\/product\/detail\/26055 target = new>https:\/\/www.nakabayashi.co.jp\/product\/detail\/26055<\/a><BR><BR>\u5546\u54c1\u8a73\u7d30 :<BR><BR><BR><BR><BR><\/p>\n<hr width=90% size=1><BR>\u5728\u5eab\u72b6\u6cc1 : \u304a\u53d6\u308a\u5bc4\u305b<BR><BR>\u6700\u5c0f\u53d7\u6ce8\u6570 : 1 <BR><BR><\/p>\n","protected":false},"excerpt":{"rendered":"<p>M-ZB4-UDC02GY<\/p>\n","protected":false},"featured_media":0,"template":"","meta":[],"product_brand":[],"product_cat":[11410],"product_tag":[],"class_list":{"0":"post-2286842","1":"product","2":"type-product","3":"status-publish","5":"product_cat-11410","7":"first","8":"instock","9":"taxable","10":"shipping-taxable","11":"purchasable","12":"product-type-simple"},"_links":{"self":[{"href":"https:\/\/akbd.jp\/index.php?rest_route=\/wp\/v2\/product\/2286842","targetHints":{"allow":["GET"]}}],"collection":[{"href":"https:\/\/akbd.jp\/index.php?rest_route=\/wp\/v2\/product"}],"about":[{"href":"https:\/\/akbd.jp\/index.php?rest_route=\/wp\/v2\/types\/product"}],"wp:attachment":[{"href":"https:\/\/akbd.jp\/index.php?rest_route=%2Fwp%2Fv2%2Fmedia&parent=2286842"}],"wp:term":[{"taxonomy":"product_brand","embeddable":true,"href":"https:\/\/akbd.jp\/index.php?rest_route=%2Fwp%2Fv2%2Fproduct_brand&post=2286842"},{"taxonomy":"product_cat","embeddable":true,"href":"https:\/\/akbd.jp\/index.php?rest_route=%2Fwp%2Fv2%2Fproduct_cat&post=2286842"},{"taxonomy":"product_tag","embeddable":true,"href":"https:\/\/akbd.jp\/index.php?rest_route=%2Fwp%2Fv2%2Fproduct_tag&post=2286842"}],"curies":[{"name":"wp","href":"https:\/\/api.w.org\/{rel}","templated":true}]}}