{"id":2086060,"date":"2023-05-06T02:15:20","date_gmt":"2023-05-05T17:15:20","guid":{"rendered":"https:\/\/www.akbd.jp\/?product=m-zh9-144hy001"},"modified":"2025-03-08T12:35:59","modified_gmt":"2025-03-08T03:35:59","slug":"m-zh9-144hy001","status":"publish","type":"product","link":"https:\/\/akbd.jp\/?product=m-zh9-144hy001","title":{"rendered":"144-HY-001<BR>\u7523\u696d\u7528GbE\/PoE\u5bfe\u5fdc\u30a4\u30fc\u30b5\u30cd\u30c3\u30c8\u30b9\u30a4\u30c3\u30c1 HES-3306PL-F1C1 (10\/100\/1000BASE-T\u00d74(PoE)+SFP\u00d71+Combo\u00d71(RJ45\/SFP))<BR>\u30cf\u30a4\u30c6\u30af\u30a4\u30f3\u30bf\u30fc\u3231"},"content":{"rendered":"<p>\u30e1\u30fc\u30ab\u30fc : \u30cf\u30a4\u30c6\u30af\u30a4\u30f3\u30bf\u30fc\u3231<BR>\u5546\u54c1\u540d : \u7523\u696d\u7528GbE\/PoE\u5bfe\u5fdc\u30a4\u30fc\u30b5\u30cd\u30c3\u30c8\u30b9\u30a4\u30c3\u30c1 HES-3306PL-F1C1 (10\/100\/1000BASE-T\u00d74(PoE)+SFP\u00d71+Combo\u00d71(RJ45\/SFP))<BR>\u30e1\u30fc\u30ab\u30fc\u578b\u756a : 144-HY-001<BR>JAN : <BR><BR>SKU : M-ZH9-144HY001 (ZH9-144HY001)&#8221;<BR><BR><BR><BR><BR><\/p>\n<hr width=90% size=1><BR>\u30e1\u30fc\u30ab\u30fcURL : <a href=http:\/\/www.hytec.co.jp\/ target = new>http:\/\/www.hytec.co.jp\/<\/a><BR>\u5546\u54c1URL : <a href=https:\/\/hytec.co.jp\/products\/switch5\/hes-3306-f1c1.html target = new>https:\/\/hytec.co.jp\/products\/switch5\/hes-3306-f1c1.html<\/a><BR><BR>\u5546\u54c1\u8a73\u7d30 :<BR>HES-3300\u30b7\u30ea\u30fc\u30ba\u306f\u3002-40\uff5e+75\u2103\u306e\u5e83\u3044\u52d5\u4f5c\u6e29\u5ea6\u3068PoE+\u306b\u5bfe\u5fdc\u3057\u305f\u7523\u696d\u7528\u30a4\u30fc\u30b5\u30cd\u30c3\u30c8\u30b9\u30a4\u30c3\u30c1\u3067\u3059\u3002HES-3306PL-F1C1\u306fRJ-45\u30dd\u30fc\u30c8\uff0810\/100\/1000BASE-T\uff09\u30925\u30dd\u30fc\u30c8\u3002SFP\uff081000BASE-SX\/LX\/LH\uff09\u30922\u30dd\u30fc\u30c8\u642d\u8f09\u3057\u3066\u3044\u307e\u3059\u3002 \u203bRJ-45\u3002SFP\u306e5\u756a\u30dd\u30fc\u30c8\u306fCombo\u4ed5\u69d8\u306e\u70ba\u3002\u540c\u6642\u5229\u7528\u4e0d\u53ef\u3002RJ-45\u306e1\uff5e4\u756a\u30dd\u30fc\u30c8\u304cPoE+\u5bfe\u5fdc<BR><BR><BR><BR><\/p>\n<hr width=90% size=1><BR>\u5728\u5eab\u72b6\u6cc1 : \u304a\u53d6\u308a\u5bc4\u305b<BR><BR>\u6700\u5c0f\u53d7\u6ce8\u6570 : 1 <BR><BR><\/p>\n","protected":false},"excerpt":{"rendered":"<p>M-ZH9-144HY001<\/p>\n","protected":false},"featured_media":0,"template":"","meta":[],"product_brand":[],"product_cat":[11426],"product_tag":[],"class_list":{"0":"post-2086060","1":"product","2":"type-product","3":"status-publish","5":"product_cat-11426","7":"first","8":"instock","9":"taxable","10":"shipping-taxable","11":"purchasable","12":"product-type-simple"},"_links":{"self":[{"href":"https:\/\/akbd.jp\/index.php?rest_route=\/wp\/v2\/product\/2086060","targetHints":{"allow":["GET"]}}],"collection":[{"href":"https:\/\/akbd.jp\/index.php?rest_route=\/wp\/v2\/product"}],"about":[{"href":"https:\/\/akbd.jp\/index.php?rest_route=\/wp\/v2\/types\/product"}],"wp:attachment":[{"href":"https:\/\/akbd.jp\/index.php?rest_route=%2Fwp%2Fv2%2Fmedia&parent=2086060"}],"wp:term":[{"taxonomy":"product_brand","embeddable":true,"href":"https:\/\/akbd.jp\/index.php?rest_route=%2Fwp%2Fv2%2Fproduct_brand&post=2086060"},{"taxonomy":"product_cat","embeddable":true,"href":"https:\/\/akbd.jp\/index.php?rest_route=%2Fwp%2Fv2%2Fproduct_cat&post=2086060"},{"taxonomy":"product_tag","embeddable":true,"href":"https:\/\/akbd.jp\/index.php?rest_route=%2Fwp%2Fv2%2Fproduct_tag&post=2086060"}],"curies":[{"name":"wp","href":"https:\/\/api.w.org\/{rel}","templated":true}]}}