{"id":2064855,"date":"2023-05-04T20:56:37","date_gmt":"2023-05-04T11:56:37","guid":{"rendered":"https:\/\/www.akbd.jp\/?product=m-zel-edttcnmwhaso"},"modified":"2025-02-27T16:52:30","modified_gmt":"2025-02-27T07:52:30","slug":"m-zel-edttcnmwhaso","status":"publish","type":"product","link":"https:\/\/akbd.jp\/?product=m-zel-edttcnmwhaso","title":{"rendered":"EDT-TCNMWHASO<BR>\u540d\u524d\u30e9\u30d9\u30eb\/\u8010\u6c34\/\u98df\u6d17\u6a5f\u5bfe\u5fdc\/\u30db\u30ef\u30a4\u30c8\/\u30a2\u30bd\u30fc\u30c8<BR>\u30a8\u30ec\u30b3\u30e0\u3231"},"content":{"rendered":"<p>\u30e1\u30fc\u30ab\u30fc : \u30a8\u30ec\u30b3\u30e0\u3231<BR>\u5546\u54c1\u540d : \u540d\u524d\u30e9\u30d9\u30eb\/\u8010\u6c34\/\u98df\u6d17\u6a5f\u5bfe\u5fdc\/\u30db\u30ef\u30a4\u30c8\/\u30a2\u30bd\u30fc\u30c8<BR>\u30e1\u30fc\u30ab\u30fc\u578b\u756a : EDT-TCNMWHASO<BR>JAN : 4953103456174<BR><BR>SKU : M-ZEL-EDTTCNMWHASO (ZEL-EDTTCNMWHASO)&#8221;<BR><BR><BR><BR><BR><\/p>\n<hr width=90% size=1><BR>\u30e1\u30fc\u30ab\u30fcURL : <a href=https:\/\/www.elecom.co.jp\/ target = new>https:\/\/www.elecom.co.jp\/<\/a><BR>\u5546\u54c1URL : <a href=https:\/\/www.elecom.co.jp\/products\/EDT-TCNMWHASO.html target = new>https:\/\/www.elecom.co.jp\/products\/EDT-TCNMWHASO.html<\/a><BR><BR>\u5546\u54c1\u8a73\u7d30 :<BR>\u25a0\u30a4\u30f3\u30af\u30b8\u30a7\u30c3\u30c8\u30d7\u30ea\u30f3\u30bf\u3067\u624b\u8efd\u3067\u30ad\u30ec\u30a4\u306b\u624b\u4f5c\u308a\u3067\u304d\u308b\u201c\u8010\u6c34\u8010\u5019\u306a\u307e\u3048\u30e9\u30d9\u30eb\u201d\u3067\u3059\u3002 \u25a0\u30a8\u30ec\u30b3\u30e0\u793e\u5f93\u6765\u88fd\u54c1\u304b\u3089\u8010\u6c34\u6027\u80fd\u304c\u5927\u5e45\u306b\u30a2\u30c3\u30d7\u3057\u3001\u98df\u6d17\u6a5f\u306b\u3082\u5bfe\u5fdc\u3057\u3066\u3044\u307e\u3059\u3002(\u203b) \u25a0\u5370\u5b57\u3057\u305f\u6587\u5b57\u304c\u304f\u3063\u304d\u308a\u898b\u3048\u308b\u30db\u30ef\u30a4\u30c8\u30bf\u30a4\u30d7\u306e\u30e9\u30d9\u30eb\u3067\u3001\u67c4\u3084\u6fc3\u3044\u8272\u306e\u7d20\u6750\u306b\u8cbc\u308b\u969b\u4fbf\u5229\u3067\u3059\u3002 \u25a0\u203b\u30a8\u30ec\u30b3\u30e0\u793e\u8a66\u9a13\u7d50\u679c\u3002\u5168\u3066\u306e\u98df\u6d17\u6a5f\u3078\u306e\u5bfe\u5fdc\u3092\u4fdd\u8a3c\u3059\u308b\u3082\u306e\u3067\u306f\u3042\u308a\u307e\u305b\u3093\u3002\u98df\u6d17\u6a5f\u306e\u65b9\u5f0f\u3001\u4f7f\u7528\u3059\u308b\u6d17\u5264\u7b49\u306b\u3088\u3063\u3066\u306f\u3001\u306f\u304c\u308c\u305f\u308a\u3001\u306b\u3058\u3093\u3060\u308a\u3059\u308b\u5834\u5408\u304c\u3042\u308a\u307e\u3059\u3002\u4e88\u3081\u3054\u4e86\u627f\u304f\u3060\u3055\u3044\u3002 \u25a0\u7528\u7d19\u30b5\u30a4\u30ba\uff1a\u30cf\u30ac\u30ad\u30b5\u30a4\u30ba\/\u5e45100mm\u00d7\u9ad8\u3055148mm \u25a0\u4e00\u9762\u30b5\u30a4\u30ba\uff1a\u3044\u308d\u3093\u306a\u30b5\u30a4\u30ba\u304c\u5165\u3063\u305f\u30a2\u30bd\u30fc\u30c8\u30bf\u30a4\u30d7\u30db\u30ef\u30a4\u30c8\u30d5\u30a3\u30eb\u30e0\u30e9\u30d9\u30eb(24\u00d78mm)(36\u00d78mm)(35\u00d713mm)(43\u00d712mm)\u900f\u660e\u4fdd\u8b77\u30d5\u30a3\u30eb\u30e0(31\u00d713mm)(43\u00d713mm)(42\u00d719mm)(47.5\u00d718mm) \u25a0\u7528\u7d19\u30bf\u30a4\u30d7\uff1a\u30db\u30ef\u30a4\u30c8\u30d5\u30a3\u30eb\u30e0\u30e9\u30d9\u30eb(\u5370\u5b57\u7528)\u900f\u660e\u4fdd\u8b77\u30d5\u30a3\u30eb\u30e0(\u4fdd\u8b77\u30ab\u30d0\u30fc\u7528) \u25a0\u30ab\u30e9\u30fc\uff1a\u30db\u30ef\u30a4\u30c8 \u25a0\u65b9\u773c\u30fb\u7f6b\u7dda\uff1a\u306a\u3057 \u25a0\u7d19\u539a\uff1a0.17mm \u25a0\u576a\u91cf\uff1a185g\/m2 \u25a0\u5bfe\u5fdc\u30a4\u30f3\u30af\uff1a\u67d3\u6599 (\u203b\u9854\u6599\u30a4\u30f3\u30af\u306b\u306f\u5bfe\u5fdc\u3057\u3066\u304a\u308a\u307e\u305b\u3093) \u25a0\u304a\u63a2\u3057No.\uff1aN59 \u25a0\u30bb\u30c3\u30c8\u5185\u5bb9\uff1a\u30db\u30ef\u30a4\u30c8\u30d5\u30a3\u30eb\u30e0\u30e9\u30d9\u30eb:85\u679a(33\u9762\/22\u9762\/14\u9762\/16\u9762\u54041\u30b7\u30fc\u30c8\u5165\u308a)\u900f\u660e\u4fdd\u8b77\u30d5\u30a3\u30eb\u30e0:85\u679a(33\u9762\/22\u9762\/14\u9762\/16\u9762\u54041\u30b7\u30fc\u30c8\u5165\u308a)\u30c6\u30b9\u30c8\u30d7\u30ea\u30f3\u30c8\u7528\u7d19:4\u679a<BR><BR>\u8d85\u5f37\u529b\u306a\u8010\u6c34\u6027\u80fd\u3067\u98df\u6d17\u6a5f\u306b\u3082\u5bfe\u5fdc\u3059\u308b\u8010\u6c34\u8010\u5019\u306a\u307e\u3048\u30e9\u30d9\u30eb\u3002\u5370\u5237\u3057\u305f\u6587\u5b57\u306a\u3069\u306e\u9000\u8272\u3092\u4e88\u9632\u3059\u308bUV\u30ab\u30c3\u30c8\u6a5f\u80fd\u3064\u304d\uff01<BR><BR><\/p>\n<hr width=90% size=1><BR>\u5728\u5eab\u72b6\u6cc1 : \u304a\u53d6\u308a\u5bc4\u305b<BR><BR>\u6700\u5c0f\u53d7\u6ce8\u6570 : 1 <BR><BR><\/p>\n","protected":false},"excerpt":{"rendered":"<p>M-ZEL-EDTTCNMWHASO<\/p>\n","protected":false},"featured_media":0,"template":"","meta":[],"product_brand":[],"product_cat":[11763],"product_tag":[],"class_list":{"0":"post-2064855","1":"product","2":"type-product","3":"status-publish","5":"product_cat-11763","7":"first","8":"instock","9":"taxable","10":"shipping-taxable","11":"purchasable","12":"product-type-simple"},"_links":{"self":[{"href":"https:\/\/akbd.jp\/index.php?rest_route=\/wp\/v2\/product\/2064855","targetHints":{"allow":["GET"]}}],"collection":[{"href":"https:\/\/akbd.jp\/index.php?rest_route=\/wp\/v2\/product"}],"about":[{"href":"https:\/\/akbd.jp\/index.php?rest_route=\/wp\/v2\/types\/product"}],"wp:attachment":[{"href":"https:\/\/akbd.jp\/index.php?rest_route=%2Fwp%2Fv2%2Fmedia&parent=2064855"}],"wp:term":[{"taxonomy":"product_brand","embeddable":true,"href":"https:\/\/akbd.jp\/index.php?rest_route=%2Fwp%2Fv2%2Fproduct_brand&post=2064855"},{"taxonomy":"product_cat","embeddable":true,"href":"https:\/\/akbd.jp\/index.php?rest_route=%2Fwp%2Fv2%2Fproduct_cat&post=2064855"},{"taxonomy":"product_tag","embeddable":true,"href":"https:\/\/akbd.jp\/index.php?rest_route=%2Fwp%2Fv2%2Fproduct_tag&post=2064855"}],"curies":[{"name":"wp","href":"https:\/\/api.w.org\/{rel}","templated":true}]}}