{"id":2031399,"date":"2023-05-03T20:00:36","date_gmt":"2023-05-03T11:00:36","guid":{"rendered":"https:\/\/www.akbd.jp\/?product=m-zat2-77735"},"modified":"2025-02-27T23:09:23","modified_gmt":"2025-02-27T14:09:23","slug":"m-zat2-77735","status":"publish","type":"product","link":"https:\/\/akbd.jp\/?product=m-zat2-77735","title":{"rendered":"77735<BR>Artec\u30d6\u30ed\u30c3\u30af \u57fa\u672c\u56db\u89d2 24P \u8d64<BR>\u3231\u30a2\u30fc\u30c6\u30c3\u30af"},"content":{"rendered":"<p>\u30e1\u30fc\u30ab\u30fc : \u3231\u30a2\u30fc\u30c6\u30c3\u30af<BR>\u5546\u54c1\u540d : Artec\u30d6\u30ed\u30c3\u30af \u57fa\u672c\u56db\u89d2 24P \u8d64<BR>\u30e1\u30fc\u30ab\u30fc\u578b\u756a : 77735<BR>JAN : 4521718777351<BR><BR>SKU : M-ZAT2-77735 (ZAT2-77735)&#8221;<BR><BR><BR><BR><BR><\/p>\n<hr width=90% size=1><BR>\u30e1\u30fc\u30ab\u30fcURL : <a href=http:\/\/www.artec-kk.co.jp\/ target = new>http:\/\/www.artec-kk.co.jp\/<\/a><BR>\u5546\u54c1URL : <a href=https:\/\/www.artec-kk.co.jp\/goods\/store\/?product-id=077735 target = new>https:\/\/www.artec-kk.co.jp\/goods\/store\/?product-id=077735<\/a><BR><BR>\u5546\u54c1\u8a73\u7d30 :<BR>\u30d6\u30ed\u30c3\u30af\u3000\u57fa\u672c\u56db\u89d2\u00d724pcs\u30d6\u30ed\u30c3\u30af \u57fa\u672c\u56db\u89d2\uff1aW20\u00d7H20\u00d7D20mm95gABS170\u00d7140\u00d720mm<BR><BR><BR><BR><\/p>\n<hr width=90% size=1><BR>\u5728\u5eab\u72b6\u6cc1 : \u304a\u53d6\u308a\u5bc4\u305b<BR><BR>\u6700\u5c0f\u53d7\u6ce8\u6570 : 1 <BR><BR><\/p>\n","protected":false},"excerpt":{"rendered":"<p>M-ZAT2-77735<\/p>\n","protected":false},"featured_media":0,"template":"","meta":[],"product_brand":[],"product_cat":[11905],"product_tag":[],"class_list":{"0":"post-2031399","1":"product","2":"type-product","3":"status-publish","5":"product_cat-11905","7":"first","8":"instock","9":"taxable","10":"shipping-taxable","11":"purchasable","12":"product-type-simple"},"_links":{"self":[{"href":"https:\/\/akbd.jp\/index.php?rest_route=\/wp\/v2\/product\/2031399","targetHints":{"allow":["GET"]}}],"collection":[{"href":"https:\/\/akbd.jp\/index.php?rest_route=\/wp\/v2\/product"}],"about":[{"href":"https:\/\/akbd.jp\/index.php?rest_route=\/wp\/v2\/types\/product"}],"wp:attachment":[{"href":"https:\/\/akbd.jp\/index.php?rest_route=%2Fwp%2Fv2%2Fmedia&parent=2031399"}],"wp:term":[{"taxonomy":"product_brand","embeddable":true,"href":"https:\/\/akbd.jp\/index.php?rest_route=%2Fwp%2Fv2%2Fproduct_brand&post=2031399"},{"taxonomy":"product_cat","embeddable":true,"href":"https:\/\/akbd.jp\/index.php?rest_route=%2Fwp%2Fv2%2Fproduct_cat&post=2031399"},{"taxonomy":"product_tag","embeddable":true,"href":"https:\/\/akbd.jp\/index.php?rest_route=%2Fwp%2Fv2%2Fproduct_tag&post=2031399"}],"curies":[{"name":"wp","href":"https:\/\/api.w.org\/{rel}","templated":true}]}}