{"id":2027235,"date":"2023-05-03T18:14:40","date_gmt":"2023-05-03T09:14:40","guid":{"rendered":"https:\/\/www.akbd.jp\/?product=m-zamx-s200m"},"modified":"2025-02-24T02:45:28","modified_gmt":"2025-02-23T17:45:28","slug":"m-zamx-s200m","status":"publish","type":"product","link":"https:\/\/akbd.jp\/?product=m-zamx-s200m","title":{"rendered":"S200M<BR>\u696d\u52d9\u7528\u30de\u30a4\u30af\u30ed\u30ab\u30c3\u30c8\u30b7\u30e5\u30ec\u30c3\u30c0\u30fc A3\u5bfe\u5fdc \u91d1\u5c5e\u30dc\u30c7\u30a3\u63a1\u7528 \u6700\u592717\u679a\u7d30\u65ad(50Hz) \u30c0\u30b9\u30c8\u5bb9\u91cf55.7L \u5b9a\u683c\u6642\u959360\u5206 \u7d30\u65ad\u5bf8\u6cd52\u00d715mm W460\u00d7D335\u00d7H840mm<BR>\u3231\u30a2\u30b9\u30ab"},"content":{"rendered":"<p>\u30e1\u30fc\u30ab\u30fc : \u3231\u30a2\u30b9\u30ab<BR>\u5546\u54c1\u540d : \u696d\u52d9\u7528\u30de\u30a4\u30af\u30ed\u30ab\u30c3\u30c8\u30b7\u30e5\u30ec\u30c3\u30c0\u30fc A3\u5bfe\u5fdc \u91d1\u5c5e\u30dc\u30c7\u30a3\u63a1\u7528 \u6700\u592717\u679a\u7d30\u65ad(50Hz) \u30c0\u30b9\u30c8\u5bb9\u91cf55.7L \u5b9a\u683c\u6642\u959360\u5206 \u7d30\u65ad\u5bf8\u6cd52\u00d715mm W460\u00d7D335\u00d7H840mm<BR>\u30e1\u30fc\u30ab\u30fc\u578b\u756a : S200M<BR>JAN : 4522966022538<BR><BR>SKU : M-ZAMX-S200M (ZAMX-S200M)&#8221;<BR><BR><BR><BR><BR><\/p>\n<hr width=90% size=1><BR>\u30e1\u30fc\u30ab\u30fcURL : <a href=http:\/\/www.asmix.co.jp\/ target = new>http:\/\/www.asmix.co.jp\/<\/a><BR>\u5546\u54c1URL : <a href=https:\/\/www.asmix.co.jp\/iteminfo\/s200m\/ target = new>https:\/\/www.asmix.co.jp\/iteminfo\/s200m\/<\/a><BR><BR>\u5546\u54c1\u8a73\u7d30 :<BR>\u696d\u52d9\u7528\u30de\u30a4\u30af\u30ed\u30ab\u30c3\u30c8\u30b7\u30e5\u30ec\u30c3\u30c0\u30fc \u30aa\u30fc\u30eb\u91d1\u5c5e A3\u5bfe\u5fdc \u5b9a\u683c\u6642\u959360\u5206 \u6700\u5927\u7d30\u65ad\u679a\u657017\u679a\/16\u679a(50\/60Hz) \u30c0\u30b9\u30c8\u5bb9\u91cf55.7L \u7d30\u65ad\u5bf8\u6cd52\u00d715mm \u7d30\u65ad\u901f\u5ea63.5\/3.9m\/\u5206 \u7d66\u7d19\u53e3\u5e45309mm \u8cea\u91cf48kg \u6d88\u8cbb\u96fb\u529b690W \u30aa\u30fc\u30c8\u30b9\u30bf\u30fc\u30c8&#038;\u30b9\u30c8\u30c3\u30d7\u6a5f\u69cb \u30aa\u30fc\u30c8\u30ea\u30d0\u30fc\u30b9\u6a5f\u69cb \u7d30\u65ad\u5c51\u6e80\u676f\u30bb\u30f3\u30b5\u30fc\u4ed8\u304d \u30e1\u30f3\u30c6\u30ca\u30f3\u30b9\u30aa\u30a4\u30eb\u4ed8\u304d<BR><BR>\u203b\u5927\u578b\u5546\u54c1\u306b\u3064\u304d\u3001\u7d0d\u671f\u3092\u3054\u78ba\u8a8d\u304f\u3060\u3055\u3044<BR><BR><\/p>\n<hr width=90% size=1><BR>\u5728\u5eab\u72b6\u6cc1 : \u304a\u53d6\u308a\u5bc4\u305b<BR><BR>\u6700\u5c0f\u53d7\u6ce8\u6570 : 1 <BR><BR><\/p>\n","protected":false},"excerpt":{"rendered":"<p>M-ZAMX-S200M<\/p>\n","protected":false},"featured_media":0,"template":"","meta":[],"product_brand":[],"product_cat":[11779],"product_tag":[],"class_list":{"0":"post-2027235","1":"product","2":"type-product","3":"status-publish","5":"product_cat-11779","7":"first","8":"instock","9":"taxable","10":"shipping-taxable","11":"purchasable","12":"product-type-simple"},"_links":{"self":[{"href":"https:\/\/akbd.jp\/index.php?rest_route=\/wp\/v2\/product\/2027235","targetHints":{"allow":["GET"]}}],"collection":[{"href":"https:\/\/akbd.jp\/index.php?rest_route=\/wp\/v2\/product"}],"about":[{"href":"https:\/\/akbd.jp\/index.php?rest_route=\/wp\/v2\/types\/product"}],"wp:attachment":[{"href":"https:\/\/akbd.jp\/index.php?rest_route=%2Fwp%2Fv2%2Fmedia&parent=2027235"}],"wp:term":[{"taxonomy":"product_brand","embeddable":true,"href":"https:\/\/akbd.jp\/index.php?rest_route=%2Fwp%2Fv2%2Fproduct_brand&post=2027235"},{"taxonomy":"product_cat","embeddable":true,"href":"https:\/\/akbd.jp\/index.php?rest_route=%2Fwp%2Fv2%2Fproduct_cat&post=2027235"},{"taxonomy":"product_tag","embeddable":true,"href":"https:\/\/akbd.jp\/index.php?rest_route=%2Fwp%2Fv2%2Fproduct_tag&post=2027235"}],"curies":[{"name":"wp","href":"https:\/\/api.w.org\/{rel}","templated":true}]}}