{"id":1797024,"date":"2025-07-28T08:01:40","date_gmt":"2025-07-27T23:01:40","guid":{"rendered":"https:\/\/www.akbd.jp\/?product=dt-908dc-dc%e3%82%b3%e3%83%b3%e3%83%90%e3%83%bc%e3%82%bf%e3%83%bc-8a%ef%bd%81%ef%bd%8c%ef%bd%89%ef%bd%8e%ef%bd%83%ef%bd%8f"},"modified":"2025-08-12T03:20:12","modified_gmt":"2025-08-11T18:20:12","slug":"m-zvz-dt908","status":"publish","type":"product","link":"https:\/\/akbd.jp\/?product=m-zvz-dt908","title":{"rendered":"DT-908<BR>DC\/DC\u30b3\u30f3\u30d0\u30fc\u30bf\u30fc 8A<BR>\uff21\uff2c\uff29\uff2e\uff23\uff2f"},"content":{"rendered":"<p>\u30e1\u30fc\u30ab\u30fc : \uff21\uff2c\uff29\uff2e\uff23\uff2f<BR>\u5546\u54c1\u540d : DC\/DC\u30b3\u30f3\u30d0\u30fc\u30bf\u30fc 8A<BR>\u30e1\u30fc\u30ab\u30fc\u578b\u756a : DT-908<BR>JAN : 4969182320145<BR><BR>SKU : M-ZVZ-DT908 (ZVZ-DT908)&#8221;<BR><BR><BR><BR><BR><\/p>\n<hr width=90% size=1><BR>\u30e1\u30fc\u30ab\u30fcURL : <a href=http:\/\/www.alinco.co.jp\/ target = new>http:\/\/www.alinco.co.jp\/<\/a><BR>\u5546\u54c1URL : <a href=https:\/\/alinco-denshi.com\/item\/dt-908\/ target = new>https:\/\/alinco-denshi.com\/item\/dt-908\/<\/a><BR><BR>\u5546\u54c1\u8a73\u7d30 :<BR>\u25cf10W\u307e\u3067\u306e\u7121\u7dda\u6a5f\uff61\u6c4e\u7528\u30b3\u30f3\u30d0\u30fc\u30bf\u30fc\uff61 \u25cfDC24V\u5927\u578b\u8eca\u5185\u3067DC12V\u306e\u7121\u7dda\u6a5f\u5668\u3001\u30ab\u30fc\u30aa\u30fc\u30c7\u30a3\u30aa\u3092\u4f7f\u7528\u3059\u308b\u969b\u7528\u3044\u308b\u5909\u5727\u88c5\u7f6e\u3067\u3059\uff61 \u25cf\u5165\u529b\u96fb\u6e90:DC24V \u25cf\u51fa\u529b\u96fb\u6e90:DC13.8V(\u56fa\u5b9a) \u25cf\u9593\u6b20\u6700\u5927\u51fa\u529b(13.8V\u6642):8A\u3001\u9023\u7d9a\u6700\u5927\u51fa\u529b(13.8V\u6642):7A \u25cf\u4fdd\u8b77\u56de\u8def:\u30d5\u306e\u5b57\u7279\u6027\u81ea\u52d5\u96fb\u6d41\u5236\u5fa1\u5f0f \u25cf\u4f7f\u7528\u30d2\u30e5\u30fc\u30ba:7A \u25cf\u51fa\u529b\u7cfb\u7d71\uff5e1\u30cd\u30b8\u5f0f\u30bf\u30fc\u30df\u30ca\u30eb:1\u7cfb\u7d71(8A) 2.USB\u7aef\u5b502\u7cfb\u7d71\uff08\u5408\u8a082A\uff09 \u25cf\u30e1\u30e2\u30ea\u30fc\u51fa\u529b:\u306a\u3057 \u25cf\u5916\u5f62\u5bf8\u6cd5(W\u00d7H\u00d7D):95\u00d749\u00d7102mm \u25cf\u91cd\u91cf:0.56kg<BR><BR>2025\u5e745\u670821\u65e5\u3088\u308a\u4fa1\u683c\u6539\u5b9a\u3044\u305f\u3057\u307e\u3057\u305f\u3002<BR><BR><\/p>\n<hr width=90% size=1><BR>\u5728\u5eab\u72b6\u6cc1 : \u304a\u53d6\u308a\u5bc4\u305b<BR><BR>\u6700\u5c0f\u53d7\u6ce8\u6570 : 1 <BR><BR><\/p>\n","protected":false},"excerpt":{"rendered":"<p>\u30e1\u30fc\u30ab\u30fc : \uff21\uff2c\uff29\uff2e\uff23\uff2f\u5546\u54c1\u540d : DC\/DC\u30b3\u30f3\u30d0\u30fc\u30bf\u30fc 8A\u30e1\u30fc\u30ab\u30fc\u578b\u756a : DT-908JAN : 4969182320145SKU : M-ZVZ-DT908 (ZVZ-DT908)&#8221; \u30e1\u30fc\u30ab\u30fcUR [&hellip;]<\/p>\n","protected":false},"featured_media":0,"template":"","meta":[],"product_brand":[],"product_cat":[11568],"product_tag":[],"class_list":{"0":"post-1797024","1":"product","2":"type-product","3":"status-publish","5":"product_cat-11568","7":"first","8":"instock","9":"taxable","10":"shipping-taxable","11":"purchasable","12":"product-type-simple"},"_links":{"self":[{"href":"https:\/\/akbd.jp\/index.php?rest_route=\/wp\/v2\/product\/1797024","targetHints":{"allow":["GET"]}}],"collection":[{"href":"https:\/\/akbd.jp\/index.php?rest_route=\/wp\/v2\/product"}],"about":[{"href":"https:\/\/akbd.jp\/index.php?rest_route=\/wp\/v2\/types\/product"}],"wp:attachment":[{"href":"https:\/\/akbd.jp\/index.php?rest_route=%2Fwp%2Fv2%2Fmedia&parent=1797024"}],"wp:term":[{"taxonomy":"product_brand","embeddable":true,"href":"https:\/\/akbd.jp\/index.php?rest_route=%2Fwp%2Fv2%2Fproduct_brand&post=1797024"},{"taxonomy":"product_cat","embeddable":true,"href":"https:\/\/akbd.jp\/index.php?rest_route=%2Fwp%2Fv2%2Fproduct_cat&post=1797024"},{"taxonomy":"product_tag","embeddable":true,"href":"https:\/\/akbd.jp\/index.php?rest_route=%2Fwp%2Fv2%2Fproduct_tag&post=1797024"}],"curies":[{"name":"wp","href":"https:\/\/api.w.org\/{rel}","templated":true}]}}