{"id":1797012,"date":"2025-07-28T08:01:38","date_gmt":"2025-07-27T23:01:38","guid":{"rendered":"https:\/\/www.akbd.jp\/?product=dm-330mv%e7%9b%b4%e6%b5%81%e5%ae%89%e5%ae%9a%e5%8c%96%e9%9b%bb%e6%ba%90-%e3%82%b9%e3%82%a4%e3%83%83%e3%83%81%e3%83%b3%e3%82%b0%e5%bc%8f-32a%ef%bd%81%ef%bd%8c%ef%bd%89%ef%bd%8e%ef%bd%83%ef%bd%8f"},"modified":"2025-08-12T03:20:22","modified_gmt":"2025-08-11T18:20:22","slug":"m-zvz-dm330mv","status":"publish","type":"product","link":"https:\/\/akbd.jp\/?product=m-zvz-dm330mv","title":{"rendered":"DM-330MV<BR>\u76f4\u6d41\u5b89\u5b9a\u5316\u96fb\u6e90 \u30b9\u30a4\u30c3\u30c1\u30f3\u30b0\u5f0f 32A<BR>\uff21\uff2c\uff29\uff2e\uff23\uff2f"},"content":{"rendered":"<p>\u30e1\u30fc\u30ab\u30fc : \uff21\uff2c\uff29\uff2e\uff23\uff2f<BR>\u5546\u54c1\u540d : \u76f4\u6d41\u5b89\u5b9a\u5316\u96fb\u6e90 \u30b9\u30a4\u30c3\u30c1\u30f3\u30b0\u5f0f 32A<BR>\u30e1\u30fc\u30ab\u30fc\u578b\u756a : DM-330MV<BR>JAN : 4969182310108<BR><BR>SKU : M-ZVZ-DM330MV (ZVZ-DM330MV)&#8221;<BR><BR><BR><BR><BR><\/p>\n<hr width=90% size=1><BR>\u30e1\u30fc\u30ab\u30fcURL : <a href=http:\/\/www.alinco.co.jp\/ target = new>http:\/\/www.alinco.co.jp\/<\/a><BR>\u5546\u54c1URL : <a href=https:\/\/alinco-denshi.com\/item\/dm-330mv\/ target = new>https:\/\/alinco-denshi.com\/item\/dm-330mv\/<\/a><BR><BR>\u5546\u54c1\u8a73\u7d30 :<BR>\u25cf\u5bb6\u5ead\u30fb\u8077\u5834\u3067DC12V\u306e\u7121\u7dda\u6a5f\u5668\u3001\u30ab\u30fc\u30aa\u30fc\u30c7\u30a3\u30aa\u3092\u4f7f\u7528\u3059\u308b\u969b\u7528\u3044\u308b\u5909\u5727\u88c5\u7f6e\u3067\u3059\uff61 \u25cf\u9ad8\u5909\u63db\u52b9\u7387\u3001\u9ad8\u51fa\u529b\u30b9\u30a4\u30c3\u30c1\u30f3\u30b0\u65b9\u5f0f\u96fb\u6e90 \u25cf\u6c17\u306b\u306a\u308b\u30d1\u30eb\u30b9\u30ce\u30a4\u30ba\u3082\u30ce\u30a4\u30ba\u30aa\u30d5\u30bb\u30c3\u30c8\u30dc\u30ea\u30e5\u30fc\u30e0\u3067\u4e00\u767a\u56de\u907f\uff61(\u5b9f\u7528\u65b0\u6848\u767b\u9332\u6e08) \u25cf\u5165\u529b\u96fb\u6e90:AC100V \u25cf\u51fa\u529b\u96fb\u6e90:DC5\uff5e15V(\u53ef\u5909)(13.8V\u30bb\u30f3\u30bf\u30fc\u30af\u30ea\u30c3\u30af\u4ed8\u304d) \u25cf\u9593\u6b20\u6700\u5927\u51fa\u529b(13.8V\u6642):32A\u3001\u9023\u7d9a\u6700\u5927\u51fa\u529b(13.8V\u6642):30A \u25cf\u4fdd\u8b77\u56de\u8def:\u5782\u4e0b\u7279\u6027\u81ea\u52d5\u96fb\u6d41\u5236\u9650\u5f0f\u3001\u77ed\u7d61\u4fdd\u8b77\u56de\u8def\u3001\u71b1\u691c\u51fa\u4fdd\u8b77\u56de\u8def \u25cf\u4fdd\u8b77\u56de\u8def\u52d5\u4f5c\u70b9:32A\u4ee5\u4e0a \u25cf\u4f7f\u7528\u30d2\u30e5\u30fc\u30ba:8A \u25cf\u51fa\u529b\u7cfb\u7d71 1\u30cd\u30b8\u5f0f\u30bf\u30fc\u30df\u30ca\u30eb(\u80cc\u9762\u8a2d\u7f6e):1\u7cfb\u7d71(32A) 2\u30b7\u30ac\u30fc\u30e9\u30a4\u30bf\u30fc\u30b1\u30fc\u30d6\u30eb:1\u7cfb\u7d71(10A) 3\u30ef\u30f3\u30bf\u30c3\u30c1\u30d7\u30c3\u30b7\u30e5\u30bf\u30fc\u30df\u30ca\u30eb:2\u7cfb\u7d71(6A) \u25cf\u30e1\u30fc\u30bf\u30fc:A\/V\u5207\u63db\u5f0f \u25cf\u51b7\u5374\u30d5\u30a1\u30f3:\u6e29\u5ea6\u5236\u5fa1\u5f0f\u30d5\u30a1\u30f3 \u25cf\u5916\u5f62\u5bf8\u6cd5(W\u00d7H\u00d7D):175\u00d767\u00d7165mm \u25cf\u91cd\u91cf:2kg<BR><BR>2025\u5e745\u670821\u65e5\u3088\u308a\u4fa1\u683c\u6539\u5b9a\u3044\u305f\u3057\u307e\u3057\u305f\u3002<BR><BR><\/p>\n<hr width=90% size=1><BR>\u5728\u5eab\u72b6\u6cc1 : \u304a\u53d6\u308a\u5bc4\u305b<BR><BR>\u6700\u5c0f\u53d7\u6ce8\u6570 : 1 <BR><BR><\/p>\n","protected":false},"excerpt":{"rendered":"<p>\u30e1\u30fc\u30ab\u30fc : \uff21\uff2c\uff29\uff2e\uff23\uff2f\u5546\u54c1\u540d : \u76f4\u6d41\u5b89\u5b9a\u5316\u96fb\u6e90 \u30b9\u30a4\u30c3\u30c1\u30f3\u30b0\u5f0f 32A\u30e1\u30fc\u30ab\u30fc\u578b\u756a : DM-330MVJAN : 4969182310108SKU : M-ZVZ-DM330MV (ZVZ-DM330MV)&#038;#8 [&hellip;]<\/p>\n","protected":false},"featured_media":0,"template":"","meta":[],"product_brand":[],"product_cat":[11568],"product_tag":[],"class_list":{"0":"post-1797012","1":"product","2":"type-product","3":"status-publish","5":"product_cat-11568","7":"first","8":"instock","9":"taxable","10":"shipping-taxable","11":"purchasable","12":"product-type-simple"},"_links":{"self":[{"href":"https:\/\/akbd.jp\/index.php?rest_route=\/wp\/v2\/product\/1797012","targetHints":{"allow":["GET"]}}],"collection":[{"href":"https:\/\/akbd.jp\/index.php?rest_route=\/wp\/v2\/product"}],"about":[{"href":"https:\/\/akbd.jp\/index.php?rest_route=\/wp\/v2\/types\/product"}],"wp:attachment":[{"href":"https:\/\/akbd.jp\/index.php?rest_route=%2Fwp%2Fv2%2Fmedia&parent=1797012"}],"wp:term":[{"taxonomy":"product_brand","embeddable":true,"href":"https:\/\/akbd.jp\/index.php?rest_route=%2Fwp%2Fv2%2Fproduct_brand&post=1797012"},{"taxonomy":"product_cat","embeddable":true,"href":"https:\/\/akbd.jp\/index.php?rest_route=%2Fwp%2Fv2%2Fproduct_cat&post=1797012"},{"taxonomy":"product_tag","embeddable":true,"href":"https:\/\/akbd.jp\/index.php?rest_route=%2Fwp%2Fv2%2Fproduct_tag&post=1797012"}],"curies":[{"name":"wp","href":"https:\/\/api.w.org\/{rel}","templated":true}]}}